{"id":39,"date":"2021-11-11T18:25:03","date_gmt":"2021-11-11T18:25:03","guid":{"rendered":"https:\/\/coinditorei.com\/wp\/?page_id=39"},"modified":"2022-01-01T16:39:39","modified_gmt":"2022-01-01T16:39:39","slug":"alchemy-pay-ach","status":"publish","type":"page","link":"https:\/\/coinditorei.com\/wp\/?page_id=39","title":{"rendered":"Alchemy Pay (ACH)"},"content":{"rendered":"\n<p><strong>Alchemy Pay (ACH) <\/strong><\/p>\n\n\n\n<blockquote class=\"wp-block-quote\"><p>\u2026 <strong>und die Alchemie als k\u00f6nigliche Kunst<\/strong><\/p><\/blockquote>\n\n\n\n<p>Alchemy Pay (ACH) entdeckte ich 2019 eher zuf\u00e4llig. Zu dieser Zeit besch\u00e4ftigte mich die Frage, in welcher Standardisierung die Zahlungsvorgange in Europa, den USA und Asien eigentlich erfolgen.<\/p>\n\n\n\n<p>Immerhin redete die gesamte Kryptowelt davon, die herk\u00f6mmliche Bank- und Finanzwelt zu dezentralisieren und zeitnah auf eine Blockchain zu legen. W\u00fcrden es die Finanzmagnaten den Kryptomanen wirklich freiwillig so leicht machen?<\/p>\n\n\n\n<p>F\u00fcr Zahlungsvorg\u00e4nge innerhalb der Europ\u00e4ischen Union darf seit 2016 das SEPA-Netz (Single Euro Payments Area) als bekannt vorausgesetzt werden. F\u00fcr weltweite Transaktionen zeigt sich das SWIFT-Netzwerk (Society for Worldwide Interbank Financial Telecommunication) zust\u00e4ndig, welches geb\u00fchrenpflichtige \u00dcberweisungen in jeglichen Fremdw\u00e4hrungen erm\u00f6glicht. Interessant bei SWIFT war jedenfalls die Tatsache einer Meldepflicht f\u00fcr Auslands\u00fcberweisungen, sobald die Summe der Transaktion einen bestimmten Wert \u00fcberschreiten sollte (dieses Problem hatte ich bisher noch nicht).<\/p>\n\n\n\n<p>In den USA stellt sich die Sachlage etwas anders dar, denn SEPA oder SWIFT existiert jenseits des Atlantiks in dieser Form nicht. Stattdessen \u00fcbernimmt diese Funktion eine Automatisierte Clearingstelle mit dem Akronym ACH. Irgendwie belie\u00df ich es dann mit meinen Recherchen, denn nirgends war zu dieser Zeit verwertbares Material zur Fragestellung zu finden. ACH, was soll`s.<\/p>\n\n\n\n<p>Dank Google und seiner praktischen Funktion der Vervollst\u00e4ndigung von Suchbegriffen ploppte fortan bei Suchbegriffen mit \u201eA\u201c st\u00e4ndig der Begriff ACH in die Suchleiste. Und irgendwann &#8211; ein Volltreffer. Alchemy Pay (ACH) ward gefunden. Die Namensgleichheit von ACH (Automated Clearing House) und Alchemy Pay (ACH)? Rein zuf\u00e4llig nat\u00fcrlich, aber mit Absicht.<\/p>\n\n\n\n<p><strong>Alchemy Pay (ACH) und die Alchemie als k\u00f6nigliche Kunst<\/strong><\/p>\n\n\n\n<p>Alchemie bedeutet stets etwas Mystisches. Alchemisten versuchten zu allen Zeiten aus allerhand \u201eWertlosem\u201c etwas Wertvolles zu machen. Im 18. Jahrhundert wurde die Alchemie nach und nach von modernen Naturwissenschaften (Chemie, Pharmakologie) abgel\u00f6st. Die Alchemisten bezeichnen die Alchemie als K\u00f6nigliche Kunst. Was ich bei Alchemy Pay vorfand, sollte sich erst nach intensiver Recherche herauskristallisieren.<\/p>\n\n\n\n<p><strong>Alchemy Pay&nbsp;(ACH), der (noch) ungeschliffene Diamant<\/strong><\/p>\n\n\n\n<p>Mein unmittelbarer Eindruck 2019:<\/p>\n\n\n\n<ul><li>Alchemy Pay verfolgte schon damals ehrgeizige Ziele mit seiner hybriden Krypto Fiat Zahlungsinfrastruktur<\/li><li>sein nativer ERC 20 Utilitiy Token ACH zeigte sich ETH kompatibel<\/li><li>\u00fcber den ACH Token w\u00fcrden s\u00e4mtliche Transaktionen verrechnet werden (kann keine anderen Werte annehmen)<\/li><li>die Roadmap ber\u00fccksichtigte bereits Kreditkarten samt Plugins, direkten Handel mit Kryptow\u00e4hrungen und Fiat, sowie etliche handfeste L\u00f6sungen f\u00fcr den E-Commerce und va. Mobiltechnologien<\/li><li>bez\u00fcglich strategischer Partnerschaften verhielt sich ACH noch bedeckt<\/li><li>im Whitepaper wurden die Prozesse rund um ACH genau beschrieben, jedoch nicht wie sie es machen w\u00fcrden.<\/li><\/ul>\n\n\n\n<p>Nun, dieses Projekt sollte f\u00fcr die n\u00e4chsten Monate meine volle Aufmerksamkeit erhalten, denn vor allem das Whitepaper f\u00fcllte sich best\u00e4ndig mit interessanten Erg\u00e4nzungen.<\/p>\n\n\n\n<p>Im Herbst 2020 listete Huobi Global erstmals ACH mit einem Wert von 0,02 Euro pro Token. Irgendwie wollte der Handel mit ACH nicht so richtig voran gehen. Und bis Juni 2021 sollte der Token noch f\u00fcr 0,002 verramscht werden.&nbsp; Wie war das nur m\u00f6glich? Ich war mir absolut sicher, dass dieses Projekt rasch sehr erfolgreich sein w\u00fcrde. Nat\u00fcrlich, es gab ja noch den AMP Token auf FLEXA. F\u00fcr viele Krypto-Experten waren diese Projekte gleich, und damit sind sie Rivalen. Doch seit wann ist Konkurrenz schlecht f\u00fcrs Gesch\u00e4ft? Wilder Westen und Rauer Osten? NEIN, keinesfalls sind ACH und AMP dasselbe!<\/p>\n\n\n\n<p>Jedenfalls gestaltete sich auch die weitere Recherche als \u00fcberaus m\u00fchsam, denn Alchemy Pay (ACH) fand hier im deutschsprachigen Raum keinerlei Beachtung oder Erw\u00e4hnung. Einerseits typisch europ\u00e4isch und leicht <em>narrow minded<\/em>, andererseits etwa ein Geheimtipp, den nur niemand auf dem Radar hatte? Angesichts meiner eher zuf\u00e4lligen Entdeckung von ACH m\u00f6glichweise eine Folge von Geoblocking?<\/p>\n\n\n\n<p>Ich ging also nochmals meine Analysen zu den fundamentalen Daten durch. Hatte ich mich in meiner SWOT Analyse zu ACH geirrt? Wurde ACH still und heimlich von einem anderen Projekt \u00fcberfahren? Ganz im Gegenteil, denn das Whitepaper platzte inzwischen aus allen N\u00e4hten und allein die Auflistung der gepflegten Partnerschaften las sich wie ein Liebesroman:<\/p>\n\n\n\n<ul><li>Shopify (E- Commerce Plattform mit ca. 1,7 Mio. H\u00e4ndlern weltweit)<\/li><li>Arcadier (E- Commerce Software as a Service)<\/li><li>QFPay (globaler Anbieter von mobilen Zahlungstechnologien)<\/li><li>CELO (!) (Finanz-dApps und Krypto-Zahlungen mittels Mobiltelefon)<\/li><li>und last but not least: Binance (!) (muss man nicht n\u00e4her beschreiben)<\/li><\/ul>\n\n\n\n<p>Unglaublich wichtige und potente Partnerschaften, welche sich da zeigten, und ich bitte um Verzeihung und Nachsicht, sollte ein noch bedeutenderer Partner hier nicht genannt worden sein. Ganz im Ernst, haben die es bei Alchemy Pay drauf, oder haben sie es drauf?<\/p>\n\n\n\n<p>Jedenfalls deutete bei dieser Partnerwahl nichts auf asiatische Zur\u00fcckhaltung hin, und im Gegensatz zu manch anderen Projektteams verhielt sich ACH trotzdem sehr zur\u00fcckhaltend mit Versprechungen.<\/p>\n\n\n\n<p>Ganz klar, was Alchemy Pay da im Schilde f\u00fchrt:<\/p>\n\n\n\n<ul><li>vollkommen reibungsfreie Zahlungen mit Kryptow\u00e4hrungen und Fiat mittels Karte, Wallet, und va. Mobiltelefon<\/li><li>unabh\u00e4ngig von Landesw\u00e4hrungen<\/li><li>gekoppelt mit einem Belohnungssystem (m\u00f6glicherweise auch Kredite)<\/li><li>weltweit und grenzenlos<\/li><\/ul>\n\n\n\n<p>Kein Wunder, dass solche Ambitionen in Europa wenig Freude verbreiten. Und Alchemy Pay war bisher clever genug, seine Allianzen in Asien und Kanada zu schmieden, denn in diesen \u201eL\u00e4ndern\u201c ist die Akzeptanz von Kryptow\u00e4hrungen l\u00e4ngst kein Thema mehr (ausgenommen China).<\/p>\n\n\n\n<p><strong>Wo liegt nun der Vorteil von ACH?<\/strong><\/p>\n\n\n\n<p>F\u00fcr uns wohlstandsverw\u00f6hnte Mitteleurop\u00e4er ist es schlichtweg unvorstellbar, kein Bankkonto zu besitzen. Klar, auch wir haben Armut, nur ist diese Armut gut versteckt, und der soziale Friede ist uns heilig. Nach dem Motto &#8222;lieber ein scheinheiliger Friede, als ein heiliger Krieg&#8220; verteilen Regierungen an ihre Bed\u00fcrftigen Politikalmosen, anstatt die strukturellen Herausforderungen zu beheben. \u201eWorldbank\u201c weist in einem Bericht von 2012 jedoch darauf hin, dass jeder Dritte Mensch auf der Welt \u00fcber kein eigenes Bankkonto verf\u00fcgt. Wer es schafft, diesen 2,5 Mrd. Menschen mit einem Mobiltelefon den Zugang zum Online Handel und v,a. zu Zahlungsdiensten und Kryptow\u00e4hrungen zu verschaffen, dem geb\u00fchrt nicht nur Hochachtung, sondern auch der Erfolg seines Lebens. Was Regierungen in Jahrzehnten nicht schafften, aus welchen Gr\u00fcnden und Absichten auch immer, das schafft vielleicht ACH. Einfach abwarten und Tee trinken.<\/p>\n\n\n\n<p><strong>August 2021<\/strong><\/p>\n\n\n\n<p>Es ging Schlag auf Schlag. Im August 2021 listete Coinbase nach kurzer Vorank\u00fcndigung den ACH Token. Binnen weniger Stunden kletterte der Wert des Ach Token von 0,001 Euro auf 0,14 Euro.<\/p>\n\n\n\n<p>Die Marktkapitalisierung stieg binnen weniger Tagen von 4 Mio. auf fast 300 Mio. Was f\u00fcr ein fulminanter Start. Ob das Team von Alchemy Pay das alles erwartet hat? Ich denke nein.<\/p>\n\n\n\n<p>Der nachfolgende Chartverlauf bis zum heutigen Tag gestaltet sich typisch f\u00fcr Kryptos recht abenteuerlich und zeigt auch die erb\u00e4rmliche Fratze des Kryptomarktes. Etliche weitere B\u00f6rsen listeten ACH in der Zwischenzeit. Doch was sagt ein Chartverlauf schon aus, wenn das Fundament des Geb\u00e4udes erdbebensicher ist.<\/p>\n\n\n\n<p>Weshalb ausgerechnet Binance bisher auf den Handel mit den ACH Token verzichtet, kann nur eine rhetorische Frage sein. Mir f\u00e4llt zu dieser Frage nur ein Begriff ein: Sunzi.<\/p>\n\n\n\n<p><strong>Fazit<\/strong><\/p>\n\n\n\n<p>Die ganze Welt ist fokussiert auf Bitcoin und Co. Manche Attraktoren bezeichnen VeChain und auch Hedera als vollkommen untersch\u00e4tzte Kryptow\u00e4hrungen. Gut so.\u00a0Lassen wir sie in diesem Glauben. ACH ist jedoch genau das, was sein Name schon dezent andeutet: ein ungeschliffener Edelstein, der nach und nach seinen Facettenschliff erh\u00e4lt. Alchemy Pay kann es egal sein, wenn die Geier den Wert dieses Projektes nicht erkennen. Strategisch von Interesse im Zusammenhang mit weiteren Kooperationen sind f\u00fcr ACH mit Sicherheit NEAR, und NEO. Fehlen nur noch Pay Pal, Google Pay, und Ebay. Am Ende h\u00e4lt jener diesen Diamant in seinen H\u00e4nden, der den Wert dieses Projektes fr\u00fch erkannte. Ist das eine Empfehlung? Nun, wenn es das Team schafft, sein Projekt technisch umzusetzen, und die Teilhabenden bei Laune zu halten vermag, reiht die Coinditorei Alchemy Pay zu den Top 20 des Kryptouniversums. Ob, und in welchem Umfang ACH in einem unserer virtuellen Musterportfolios ber\u00fccksichtigt wird, bleibt unseren Mitgliedern vorenthalten. Melden Sie sich heute noch im Mitgliederbereich an.<\/p>\n\n\n\n<p><em>Dieses Dokument stellt die pers\u00f6nliche Meinung des Autors dar, und ist keine Finanzberatung. Eigene Recherchen sind notwendig.<\/em><\/p>\n\n\n\n<p class=\"has-text-align-right\"><a href=\"https:\/\/www.alchemytech.io\">https:\/\/www.alchemytech.io<\/a><\/p>\n\n\n\n<p><em>mebe, Coinditor<\/em><\/p>\n","protected":false},"excerpt":{"rendered":"<p>Alchemy Pay (ACH) \u2026 und die Alchemie als k\u00f6nigliche Kunst Alchemy Pay (ACH) entdeckte ich 2019 eher zuf\u00e4llig. Zu dieser Zeit besch\u00e4ftigte mich die Frage, in welcher Standardisierung die Zahlungsvorgange in Europa, den USA und Asien eigentlich erfolgen. Immerhin redete die gesamte Kryptowelt davon, die herk\u00f6mmliche Bank- und Finanzwelt zu dezentralisieren und zeitnah auf eine&hellip;<\/p>\n","protected":false},"author":2,"featured_media":0,"parent":51,"menu_order":1,"comment_status":"open","ping_status":"closed","template":"","meta":[],"_links":{"self":[{"href":"https:\/\/coinditorei.com\/wp\/index.php?rest_route=\/wp\/v2\/pages\/39"}],"collection":[{"href":"https:\/\/coinditorei.com\/wp\/index.php?rest_route=\/wp\/v2\/pages"}],"about":[{"href":"https:\/\/coinditorei.com\/wp\/index.php?rest_route=\/wp\/v2\/types\/page"}],"author":[{"embeddable":true,"href":"https:\/\/coinditorei.com\/wp\/index.php?rest_route=\/wp\/v2\/users\/2"}],"replies":[{"embeddable":true,"href":"https:\/\/coinditorei.com\/wp\/index.php?rest_route=%2Fwp%2Fv2%2Fcomments&post=39"}],"version-history":[{"count":14,"href":"https:\/\/coinditorei.com\/wp\/index.php?rest_route=\/wp\/v2\/pages\/39\/revisions"}],"predecessor-version":[{"id":134,"href":"https:\/\/coinditorei.com\/wp\/index.php?rest_route=\/wp\/v2\/pages\/39\/revisions\/134"}],"up":[{"embeddable":true,"href":"https:\/\/coinditorei.com\/wp\/index.php?rest_route=\/wp\/v2\/pages\/51"}],"wp:attachment":[{"href":"https:\/\/coinditorei.com\/wp\/index.php?rest_route=%2Fwp%2Fv2%2Fmedia&parent=39"}],"curies":[{"name":"wp","href":"https:\/\/api.w.org\/{rel}","templated":true}]}}